{"id":10,"date":"2024-02-12T11:04:58","date_gmt":"2024-02-12T10:04:58","guid":{"rendered":"https:\/\/placevalencia.com\/?page_id=10"},"modified":"2024-02-12T11:28:22","modified_gmt":"2024-02-12T10:28:22","slug":"autor-del-sitio","status":"publish","type":"page","link":"https:\/\/placevalencia.com\/?page_id=10","title":{"rendered":"Autor del sitio"},"content":{"rendered":"<p><span class=\"--l --r sentence_highlight\">Bienvenido a la p\u00e1gina de autor de Nathi Lozada, \u00a1una destacada experta en el mundo de las apuestas y el entretenimiento con juegos de azar! <\/span><span class=\"--l sentence_highlight\">Con m\u00e1s de cinco a\u00f1os de experiencia en la redacci\u00f3n de art\u00edculos y rese\u00f1as, Natalia se ha convertido en un miembro clave de nuestro equipo de redactores de contenidos especializados en casinos, ganancias y estrategias de juego.<\/span><\/p>\n<p><span class=\"--l --r sentence_highlight\">Natalia comenz\u00f3 su andadura en la industria del entretenimiento del juego hace unos a\u00f1os, y en ese tiempo se ha labrado una reputaci\u00f3n como experta con profundos conocimientos y una perspectiva \u00fanica sobre juegos y estrategias. <\/span><span class=\"--l sentence_highlight\">Sus art\u00edculos no s\u00f3lo son una fuente de informaci\u00f3n valiosa, sino que tambi\u00e9n inspiran a los lectores a profundizar en el mundo del entretenimiento del juego.<\/span><\/p>\n<p><span class=\"--l sentence_highlight\">Natalia tiene una mentalidad anal\u00edtica y un profundo conocimiento de la industria, lo que hace que su contenido no s\u00f3lo sea informativo, sino pr\u00e1cticamente \u00fatil para cualquiera que busque entender el mundo de los casinos y las estrategias de juego.<\/span><\/p>\n<p><span class=\"--l --r sentence_highlight\">Su investigaci\u00f3n exhaustiva y sus an\u00e1lisis expertos ayudan a los lectores a tomar decisiones informadas a la hora de elegir juegos y desarrollar estrategias. <\/span><span class=\"--l sentence_highlight\">Los art\u00edculos de Nati se convierten en una gu\u00eda de confianza para quienes buscan mejorar sus habilidades y aumentar sus posibilidades de \u00e9xito en el juego.<\/span><\/p>\n<p><span class=\"--l --r sentence_highlight\">Cada art\u00edculo de Nati Lozada es una oportunidad para adentrarse en el fascinante mundo de los casinos y descubrir nuevos aspectos del juego. <\/span><span class=\"--l sentence_highlight\">Su contenido combina conocimientos especializados, profesionalidad y pasi\u00f3n por el juego, lo que la convierte en una de las mejores escritoras del sector del juego.<\/span><\/p>\n<p><span class=\"--l --r sentence_highlight\">Acompa\u00f1a a Nata Lozada en un fascinante viaje por el mundo de los casinos y los juegos de azar, \u00a1donde cada art\u00edculo te ayudar\u00e1 a enriquecer tus conocimientos y experiencia en el juego!<\/span><\/p>\n","protected":false},"excerpt":{"rendered":"<p>Bienvenido a la p\u00e1gina de autor de Nathi Lozada, \u00a1una destacada experta en el mundo de las apuestas y el entretenimiento con juegos de azar! Con m\u00e1s de cinco a\u00f1os de experiencia en la redacci\u00f3n de art\u00edculos y rese\u00f1as, Natalia se ha convertido en un&nbsp;<a class=\"read-more\" href=\"https:\/\/placevalencia.com\/?page_id=10\">&hellip;<\/a><\/p>\n","protected":false},"author":1,"featured_media":13,"parent":0,"menu_order":0,"comment_status":"closed","ping_status":"closed","template":"","meta":{"footnotes":""},"class_list":["post-10","page","type-page","status-publish","has-post-thumbnail","hentry"],"aioseo_notices":[],"_links":{"self":[{"href":"https:\/\/placevalencia.com\/index.php?rest_route=\/wp\/v2\/pages\/10","targetHints":{"allow":["GET"]}}],"collection":[{"href":"https:\/\/placevalencia.com\/index.php?rest_route=\/wp\/v2\/pages"}],"about":[{"href":"https:\/\/placevalencia.com\/index.php?rest_route=\/wp\/v2\/types\/page"}],"author":[{"embeddable":true,"href":"https:\/\/placevalencia.com\/index.php?rest_route=\/wp\/v2\/users\/1"}],"replies":[{"embeddable":true,"href":"https:\/\/placevalencia.com\/index.php?rest_route=%2Fwp%2Fv2%2Fcomments&post=10"}],"version-history":[{"count":1,"href":"https:\/\/placevalencia.com\/index.php?rest_route=\/wp\/v2\/pages\/10\/revisions"}],"predecessor-version":[{"id":14,"href":"https:\/\/placevalencia.com\/index.php?rest_route=\/wp\/v2\/pages\/10\/revisions\/14"}],"wp:featuredmedia":[{"embeddable":true,"href":"https:\/\/placevalencia.com\/index.php?rest_route=\/wp\/v2\/media\/13"}],"wp:attachment":[{"href":"https:\/\/placevalencia.com\/index.php?rest_route=%2Fwp%2Fv2%2Fmedia&parent=10"}],"curies":[{"name":"wp","href":"https:\/\/api.w.org\/{rel}","templated":true}]}}