{"id":15,"date":"2024-02-12T11:08:08","date_gmt":"2024-02-12T10:08:08","guid":{"rendered":"https:\/\/placevalencia.com\/?page_id=15"},"modified":"2024-02-12T11:08:08","modified_gmt":"2024-02-12T10:08:08","slug":"quien-es-mi","status":"publish","type":"page","link":"https:\/\/placevalencia.com\/?page_id=15","title":{"rendered":"Qui\u00e9n es mi"},"content":{"rendered":"<p>\u00a1Bienvenido a nuestro recurso en l\u00ednea dedicado al entretenimiento del juego! Somos un equipo de entusiastas del juego, unidos por una pasi\u00f3n com\u00fan por el juego y el deseo de compartir nuestros conocimientos con usted.<\/p>\n<p>Nuestro principal objetivo es proporcionarle informaci\u00f3n honesta, fiable y \u00fatil sobre todo lo relacionado con el mundo del juego. Analizamos a fondo cada casino, cada juego y cada aspecto del juego para que pueda tomar decisiones con conocimiento de causa y disfrutar al m\u00e1ximo de su experiencia de juego.<\/p>\n<p>Estamos orgullosos de que nuestro enfoque se base en los principios de honestidad, transparencia y fiabilidad. Nunca promocionamos ning\u00fan casino o juego en particular, sino que siempre le proporcionamos rese\u00f1as imparciales e imparciales para que pueda tomar decisiones basadas en hechos.<\/p>\n<p>En nuestro sitio encontrar\u00e1 una amplia gama de informaci\u00f3n, desde rese\u00f1as de casinos y juegos hasta consejos, estrategias y sugerencias \u00fatiles. Tambi\u00e9n nos mantenemos al d\u00eda de las \u00faltimas tendencias del sector del juego y actualizamos peri\u00f3dicamente nuestros contenidos para mantenerle al d\u00eda de las novedades y noticias.<\/p>\n<p>\u00danase a nosotros para explorar el apasionante mundo del juego, socializar con personas afines y compartir experiencias. \u00a1Bienvenido a nuestra comunidad del juego!<\/p>\n","protected":false},"excerpt":{"rendered":"<p>\u00a1Bienvenido a nuestro recurso en l\u00ednea dedicado al entretenimiento del juego! Somos un equipo de entusiastas del juego, unidos por una pasi\u00f3n com\u00fan por el juego y el deseo de compartir nuestros conocimientos con usted. Nuestro principal objetivo es proporcionarle informaci\u00f3n honesta, fiable y \u00fatil&nbsp;<a class=\"read-more\" href=\"https:\/\/placevalencia.com\/?page_id=15\">&hellip;<\/a><\/p>\n","protected":false},"author":1,"featured_media":0,"parent":0,"menu_order":0,"comment_status":"closed","ping_status":"closed","template":"","meta":{"footnotes":""},"class_list":["post-15","page","type-page","status-publish","hentry"],"aioseo_notices":[],"_links":{"self":[{"href":"https:\/\/placevalencia.com\/index.php?rest_route=\/wp\/v2\/pages\/15","targetHints":{"allow":["GET"]}}],"collection":[{"href":"https:\/\/placevalencia.com\/index.php?rest_route=\/wp\/v2\/pages"}],"about":[{"href":"https:\/\/placevalencia.com\/index.php?rest_route=\/wp\/v2\/types\/page"}],"author":[{"embeddable":true,"href":"https:\/\/placevalencia.com\/index.php?rest_route=\/wp\/v2\/users\/1"}],"replies":[{"embeddable":true,"href":"https:\/\/placevalencia.com\/index.php?rest_route=%2Fwp%2Fv2%2Fcomments&post=15"}],"version-history":[{"count":1,"href":"https:\/\/placevalencia.com\/index.php?rest_route=\/wp\/v2\/pages\/15\/revisions"}],"predecessor-version":[{"id":21,"href":"https:\/\/placevalencia.com\/index.php?rest_route=\/wp\/v2\/pages\/15\/revisions\/21"}],"wp:attachment":[{"href":"https:\/\/placevalencia.com\/index.php?rest_route=%2Fwp%2Fv2%2Fmedia&parent=15"}],"curies":[{"name":"wp","href":"https:\/\/api.w.org\/{rel}","templated":true}]}}